{"id":17,"date":"2019-07-10T16:35:10","date_gmt":"2019-07-10T14:35:10","guid":{"rendered":"https:\/\/web.hirox-europe.com\/?page_id=17"},"modified":"2025-10-28T10:42:18","modified_gmt":"2025-10-28T09:42:18","slug":"company","status":"publish","type":"page","link":"https:\/\/jyfel.com\/fr\/company\/","title":{"rendered":"ENTREPRISE"},"content":{"rendered":"<div data-elementor-type=\"wp-post\" data-elementor-id=\"17\" class=\"elementor elementor-17\" data-elementor-post-type=\"page\">\n\t\t\t\t\t\t<section class=\"elementor-section elementor-top-section elementor-element elementor-element-fbc7a9d elementor-section-full_width elementor-section-height-default elementor-section-height-default\" data-id=\"fbc7a9d\" data-element_type=\"section\" data-e-type=\"section\" data-settings=\"{&quot;background_background&quot;:&quot;classic&quot;}\">\n\t\t\t\t\t\t<div class=\"elementor-container elementor-column-gap-default\">\n\t\t\t\t\t<div class=\"elementor-column elementor-col-100 elementor-top-column elementor-element elementor-element-e98605d\" data-id=\"e98605d\" data-element_type=\"column\" data-e-type=\"column\">\n\t\t\t<div class=\"elementor-widget-wrap elementor-element-populated\">\n\t\t\t\t\t\t<div class=\"elementor-element elementor-element-f8f1788 elementor-widget elementor-widget-heading\" data-id=\"f8f1788\" data-element_type=\"widget\" data-e-type=\"widget\" data-widget_type=\"heading.default\">\n\t\t\t\t<div class=\"elementor-widget-container\">\n\t\t\t\t\t<h2 class=\"elementor-heading-title elementor-size-default\">ENTREPRISE<\/h2>\t\t\t\t<\/div>\n\t\t\t\t<\/div>\n\t\t\t\t\t<\/div>\n\t\t<\/div>\n\t\t\t\t\t<\/div>\n\t\t<\/section>\n\t\t\t\t<section class=\"elementor-section elementor-top-section elementor-element elementor-element-b8e523c elementor-section-boxed elementor-section-height-default elementor-section-height-default\" data-id=\"b8e523c\" data-element_type=\"section\" data-e-type=\"section\" data-settings=\"{&quot;background_background&quot;:&quot;classic&quot;}\">\n\t\t\t\t\t\t<div class=\"elementor-container elementor-column-gap-default\">\n\t\t\t\t\t<div class=\"elementor-column elementor-col-50 elementor-top-column elementor-element elementor-element-7206122\" data-id=\"7206122\" data-element_type=\"column\" data-e-type=\"column\">\n\t\t\t<div class=\"elementor-widget-wrap elementor-element-populated\">\n\t\t\t\t\t\t<div class=\"elementor-element elementor-element-210ec8e elementor-widget elementor-widget-heading\" data-id=\"210ec8e\" data-element_type=\"widget\" data-e-type=\"widget\" data-widget_type=\"heading.default\">\n\t\t\t\t<div class=\"elementor-widget-container\">\n\t\t\t\t\t<h2 class=\"elementor-heading-title elementor-size-default\">About us<\/h2>\t\t\t\t<\/div>\n\t\t\t\t<\/div>\n\t\t\t\t<div class=\"elementor-element elementor-element-1cfcf7c elementor-widget elementor-widget-text-editor\" data-id=\"1cfcf7c\" data-element_type=\"widget\" data-e-type=\"widget\" data-widget_type=\"text-editor.default\">\n\t\t\t\t<div class=\"elementor-widget-container\">\n\t\t\t\t\t\t\t\t\t<h3 class=\"h3_common05\"><span style=\"font-size: 17px;\">Based near Lyon in France, we opened our doors in 2007 to promote and deliver high-precision equipment for all kinds of applications: industry, electronics, engineering, cultural heritage, aerospace, security printing, textile &amp; many more.<\/span><\/h3><div><ul><li><span style=\"font-size: 17px;\">Exclusive European distributor of HIROX digital microscope: official repair\/service\/training center<\/span><\/li><li><span style=\"font-size: 17px;\">Inventor &amp; manufacturer of the NPS Nano Point Scanner confocal system: R&amp;D center with in-house developments, repair and training services, customized solutions<\/span><\/li><li><span style=\"font-size: 17px;\">Manufacturer &amp; developer of specific solutions for high-resolution inspection\/measurment: scanning stands, special lighting and custom software<\/span><\/li><li><span style=\"font-size: 17px;\">Offficial distributor of COMCO sandblasting equipment<\/span><\/li><\/ul><div><span style=\"font-size: 17px;\">With more than 20 years of experience, we design, produce, promote and offer exclusive solutions to worldwide users in all sectors: universities, automotive, museums, laboratories, banks, watchmakers &amp; more.<br \/><br \/><\/span><\/div><p><span style=\"font-size: 17px;\">Don&#8217;t hesitate to contact us and we&#8217;d be happy to discuss your project.<\/span><br \/><br \/><span style=\"font-size: 17px;\">We are always eager to discuss job applications, so please feel free to send us your resume and see how we could work together.<\/span><\/p><\/div>\t\t\t\t\t\t\t\t<\/div>\n\t\t\t\t<\/div>\n\t\t\t\t\t<\/div>\n\t\t<\/div>\n\t\t\t\t<div class=\"elementor-column elementor-col-50 elementor-top-column elementor-element elementor-element-2d88f70\" data-id=\"2d88f70\" data-element_type=\"column\" data-e-type=\"column\">\n\t\t\t<div class=\"elementor-widget-wrap elementor-element-populated\">\n\t\t\t\t\t\t<div class=\"elementor-element elementor-element-4bb69b5 elementor-widget elementor-widget-image\" data-id=\"4bb69b5\" data-element_type=\"widget\" data-e-type=\"widget\" data-widget_type=\"image.default\">\n\t\t\t\t<div class=\"elementor-widget-container\">\n\t\t\t\t\t\t\t\t\t\t\t\t\t\t\t<img fetchpriority=\"high\" decoding=\"async\" width=\"825\" height=\"619\" src=\"https:\/\/jyfel.com\/wp-content\/uploads\/2025\/07\/JYFEL-Team-2027-06-1024x768.jpg\" class=\"attachment-large size-large wp-image-10333\" alt=\"\" srcset=\"https:\/\/jyfel.com\/wp-content\/uploads\/2025\/07\/JYFEL-Team-2027-06-1024x768.jpg 1024w, https:\/\/jyfel.com\/wp-content\/uploads\/2025\/07\/JYFEL-Team-2027-06-300x225.jpg 300w, https:\/\/jyfel.com\/wp-content\/uploads\/2025\/07\/JYFEL-Team-2027-06-768x576.jpg 768w, https:\/\/jyfel.com\/wp-content\/uploads\/2025\/07\/JYFEL-Team-2027-06-16x12.jpg 16w, https:\/\/jyfel.com\/wp-content\/uploads\/2025\/07\/JYFEL-Team-2027-06.jpg 1209w\" sizes=\"(max-width: 825px) 100vw, 825px\" \/>\t\t\t\t\t\t\t\t\t\t\t\t\t\t\t<\/div>\n\t\t\t\t<\/div>\n\t\t\t\t<div class=\"elementor-element elementor-element-b9a104c elementor-widget elementor-widget-button\" data-id=\"b9a104c\" data-element_type=\"widget\" data-e-type=\"widget\" data-widget_type=\"button.default\">\n\t\t\t\t<div class=\"elementor-widget-container\">\n\t\t\t\t\t\t\t\t\t<div class=\"elementor-button-wrapper\">\n\t\t\t\t\t<a class=\"elementor-button elementor-button-link elementor-size-sm\" href=\"https:\/\/jyfel.com\/fr\/contact-us\/\">\n\t\t\t\t\t\t<span class=\"elementor-button-content-wrapper\">\n\t\t\t\t\t\t\t\t\t<span class=\"elementor-button-text\">Nous contacter<\/span>\n\t\t\t\t\t<\/span>\n\t\t\t\t\t<\/a>\n\t\t\t\t<\/div>\n\t\t\t\t\t\t\t\t<\/div>\n\t\t\t\t<\/div>\n\t\t\t\t<div class=\"elementor-element elementor-element-3bfccea elementor-widget elementor-widget-heading\" data-id=\"3bfccea\" data-element_type=\"widget\" data-e-type=\"widget\" data-widget_type=\"heading.default\">\n\t\t\t\t<div class=\"elementor-widget-container\">\n\t\t\t\t\t<h3 class=\"elementor-heading-title elementor-size-default\">Address &amp; Contact<\/h3>\t\t\t\t<\/div>\n\t\t\t\t<\/div>\n\t\t\t\t<div class=\"elementor-element elementor-element-2270491 elementor-widget elementor-widget-text-editor\" data-id=\"2270491\" data-element_type=\"widget\" data-e-type=\"widget\" data-widget_type=\"text-editor.default\">\n\t\t\t\t<div class=\"elementor-widget-container\">\n\t\t\t\t\t\t\t\t\t<p><span style=\"color: #000000;\">JYFEL Corporation<br>100 All\u00e9e des Fr\u00e8nes,<\/span><br style=\"color: #000000;\"><span style=\"color: #000000;\">69760 Limonest, France<\/span><br style=\"color: #000000;\"><span style=\"color: #000000;\">TEL:+33 482 31 41 20<\/span><br style=\"color: #000000;\"><span style=\"color: #000000;\">info@jyfel.com<\/span><br style=\"color: #000000;\"><a href=\"https:\/\/jyfel.com\/fr\/\"><span style=\"color: #000000;\">https:\/\/jyfel.com<\/span><\/a><\/p>\t\t\t\t\t\t\t\t<\/div>\n\t\t\t\t<\/div>\n\t\t\t\t\t<\/div>\n\t\t<\/div>\n\t\t\t\t\t<\/div>\n\t\t<\/section>\n\t\t\t\t<section class=\"elementor-section elementor-top-section elementor-element elementor-element-f97629c elementor-section-boxed elementor-section-height-default elementor-section-height-default\" data-id=\"f97629c\" data-element_type=\"section\" data-e-type=\"section\" data-settings=\"{&quot;background_background&quot;:&quot;classic&quot;}\">\n\t\t\t\t\t\t<div class=\"elementor-container elementor-column-gap-default\">\n\t\t\t\t\t<div class=\"elementor-column elementor-col-50 elementor-top-column elementor-element elementor-element-e813f1f\" data-id=\"e813f1f\" data-element_type=\"column\" data-e-type=\"column\">\n\t\t\t<div class=\"elementor-widget-wrap elementor-element-populated\">\n\t\t\t\t\t\t<div class=\"elementor-element elementor-element-3861b25 elementor-widget elementor-widget-heading\" data-id=\"3861b25\" data-element_type=\"widget\" data-e-type=\"widget\" data-widget_type=\"heading.default\">\n\t\t\t\t<div class=\"elementor-widget-container\">\n\t\t\t\t\t<h2 class=\"elementor-heading-title elementor-size-default\">Politique verte<\/h2>\t\t\t\t<\/div>\n\t\t\t\t<\/div>\n\t\t\t\t<div class=\"elementor-element elementor-element-a1a392c elementor-widget elementor-widget-spacer\" data-id=\"a1a392c\" data-element_type=\"widget\" data-e-type=\"widget\" data-widget_type=\"spacer.default\">\n\t\t\t\t<div class=\"elementor-widget-container\">\n\t\t\t\t\t\t\t<div class=\"elementor-spacer\">\n\t\t\t<div class=\"elementor-spacer-inner\"><\/div>\n\t\t<\/div>\n\t\t\t\t\t\t<\/div>\n\t\t\t\t<\/div>\n\t\t\t\t<div class=\"elementor-element elementor-element-ba69518 elementor-widget elementor-widget-heading\" data-id=\"ba69518\" data-element_type=\"widget\" data-e-type=\"widget\" data-widget_type=\"heading.default\">\n\t\t\t\t<div class=\"elementor-widget-container\">\n\t\t\t\t\t<h3 class=\"elementor-heading-title elementor-size-default\">D\u00e9claration de mission<\/h3>\t\t\t\t<\/div>\n\t\t\t\t<\/div>\n\t\t\t\t<div class=\"elementor-element elementor-element-8f5f88b elementor-widget elementor-widget-text-editor\" data-id=\"8f5f88b\" data-element_type=\"widget\" data-e-type=\"widget\" data-widget_type=\"text-editor.default\">\n\t\t\t\t<div class=\"elementor-widget-container\">\n\t\t\t\t\t\t\t\t\t<h3 class=\"h3_common05\"><span style=\"font-size: 17px;\">We recognize that preservation of the global environment is one of the most important issues facing humanity. The entire organization will devote the utmost effort to minimizing our environmental footprint.<\/span><\/h3>\t\t\t\t\t\t\t\t<\/div>\n\t\t\t\t<\/div>\n\t\t\t\t\t<\/div>\n\t\t<\/div>\n\t\t\t\t<div class=\"elementor-column elementor-col-50 elementor-top-column elementor-element elementor-element-62fac5a\" data-id=\"62fac5a\" data-element_type=\"column\" data-e-type=\"column\">\n\t\t\t<div class=\"elementor-widget-wrap elementor-element-populated\">\n\t\t\t\t\t\t<div class=\"elementor-element elementor-element-4c97134 elementor-widget elementor-widget-image\" data-id=\"4c97134\" data-element_type=\"widget\" data-e-type=\"widget\" data-widget_type=\"image.default\">\n\t\t\t\t<div class=\"elementor-widget-container\">\n\t\t\t\t\t\t\t\t\t\t\t\t\t\t\t<img decoding=\"async\" width=\"650\" height=\"433\" src=\"https:\/\/jyfel.com\/wp-content\/uploads\/2020\/01\/Yann-dans-la-foret.jpg\" class=\"attachment-large size-large wp-image-2947\" alt=\"\" srcset=\"https:\/\/jyfel.com\/wp-content\/uploads\/2020\/01\/Yann-dans-la-foret.jpg 650w, https:\/\/jyfel.com\/wp-content\/uploads\/2020\/01\/Yann-dans-la-foret-300x200.jpg 300w\" sizes=\"(max-width: 650px) 100vw, 650px\" \/>\t\t\t\t\t\t\t\t\t\t\t\t\t\t\t<\/div>\n\t\t\t\t<\/div>\n\t\t\t\t\t<\/div>\n\t\t<\/div>\n\t\t\t\t\t<\/div>\n\t\t<\/section>\n\t\t\t\t<section class=\"elementor-section elementor-top-section elementor-element elementor-element-cf5c512 elementor-section-boxed elementor-section-height-default elementor-section-height-default\" data-id=\"cf5c512\" data-element_type=\"section\" data-e-type=\"section\" data-settings=\"{&quot;background_background&quot;:&quot;classic&quot;}\">\n\t\t\t\t\t\t<div class=\"elementor-container elementor-column-gap-default\">\n\t\t\t\t\t<div class=\"elementor-column elementor-col-100 elementor-top-column elementor-element elementor-element-cfa781e\" data-id=\"cfa781e\" data-element_type=\"column\" data-e-type=\"column\">\n\t\t\t<div class=\"elementor-widget-wrap elementor-element-populated\">\n\t\t\t\t\t\t<div class=\"elementor-element elementor-element-25ae22d elementor-widget elementor-widget-heading\" data-id=\"25ae22d\" data-element_type=\"widget\" data-e-type=\"widget\" data-widget_type=\"heading.default\">\n\t\t\t\t<div class=\"elementor-widget-container\">\n\t\t\t\t\t<h3 class=\"elementor-heading-title elementor-size-default\">Politique<\/h3>\t\t\t\t<\/div>\n\t\t\t\t<\/div>\n\t\t\t\t<div class=\"elementor-element elementor-element-844870f elementor-widget elementor-widget-text-editor\" data-id=\"844870f\" data-element_type=\"widget\" data-e-type=\"widget\" data-widget_type=\"text-editor.default\">\n\t\t\t\t<div class=\"elementor-widget-container\">\n\t\t\t\t\t\t\t\t\t<h3 class=\"h3_common03\"><span style=\"font-size: 17px;\">In order to minimize the environmental impact of all production or consumption activities connected to the manufacturing and marketing of microscopes, and that of future products and services, we will promote environmental management activities based on the following policies and strive to achieve harmony with the global environment.<\/span><\/h3>\n<ul class=\"kankyou\">\n<li>D\u00e9velopper des produits et des technologies respectueux de l'environnement et s'efforcer de prot\u00e9ger l'environnement.<\/li>\n<li>Promouvoir la r\u00e9duction de la consommation de ressources et d'\u00e9nergie, la s\u00e9paration et le recyclage des d\u00e9chets, et s'efforcer de minimiser notre empreinte \u00e9cologique.<\/li>\n<li>\u00c9tablir des crit\u00e8res de r\u00e9f\u00e9rence environnementaux et d\u00e9velopper leur mise en \u0153uvre de mani\u00e8re consciente et continue.<\/li>\n<li>Permettre aux activit\u00e9s des succursales de contribuer \u00e0 l'environnement local en r\u00e9alisant des activit\u00e9s environnementales compl\u00e8tes ancr\u00e9es dans la r\u00e9gion.<\/li>\n<\/ul>\n<div><img decoding=\"async\" class=\"alignnone wp-image-3480\" src=\"https:\/\/install.jyfel.com\/wp-content\/uploads\/2020\/04\/rohs-logo.jpg\" alt=\"\" width=\"45\" height=\"46\"> &nbsp;Sur la base de cette politique, les produits fabriqu\u00e9s par Hirox depuis octobre 2006 sont conformes \u00e0 la directive RoHS qui limite l'utilisation de substances nocives pour l'environnement et les personnes.<\/div>\t\t\t\t\t\t\t\t<\/div>\n\t\t\t\t<\/div>\n\t\t\t\t\t<\/div>\n\t\t<\/div>\n\t\t\t\t\t<\/div>\n\t\t<\/section>\n\t\t\t\t<\/div>","protected":false},"excerpt":{"rendered":"<p>Company About us Based near Lyon in France, we opened our doors in 2007 to promote and deliver high-precision equipment for all kinds of applications: industry, electronics, engineering, cultural heritage, aerospace, security printing, textile &amp; many more. Exclusive European distributor of HIROX digital microscope: official repair\/service\/training center Inventor &amp; manufacturer of the NPS Nano Point &#8230; <a title=\"ENTREPRISE\" class=\"read-more\" href=\"https:\/\/jyfel.com\/fr\/company\/\" aria-label=\"En savoir plus sur Company\">Lire la suite<\/a><\/p>","protected":false},"author":5,"featured_media":0,"parent":0,"menu_order":0,"comment_status":"closed","ping_status":"closed","template":"elementor_header_footer","meta":{"footnotes":""},"class_list":["post-17","page","type-page","status-publish"],"yoast_head":"<!-- This site is optimized with the Yoast SEO plugin v27.5 - https:\/\/yoast.com\/product\/yoast-seo-wordpress\/ -->\n<title>Company - JYFEL Corporation<\/title>\n<meta name=\"robots\" content=\"index, follow, max-snippet:-1, max-image-preview:large, max-video-preview:-1\" \/>\n<link rel=\"canonical\" href=\"https:\/\/jyfel.com\/fr\/company\/\" \/>\n<meta property=\"og:locale\" content=\"fr_FR\" \/>\n<meta property=\"og:type\" content=\"article\" \/>\n<meta property=\"og:title\" content=\"Company - JYFEL Corporation\" \/>\n<meta property=\"og:description\" content=\"Company About us Based near Lyon in France, we opened our doors in 2007 to promote and deliver high-precision equipment for all kinds of applications: industry, electronics, engineering, cultural heritage, aerospace, security printing, textile &amp; many more. Exclusive European distributor of HIROX digital microscope: official repair\/service\/training center Inventor &amp; manufacturer of the NPS Nano Point ... Lire la suite\" \/>\n<meta property=\"og:url\" content=\"https:\/\/jyfel.com\/fr\/company\/\" \/>\n<meta property=\"og:site_name\" content=\"JYFEL Corporation\" \/>\n<meta property=\"article:publisher\" content=\"https:\/\/www.facebook.com\/hiroxeurope\/\" \/>\n<meta property=\"article:modified_time\" content=\"2025-10-28T09:42:18+00:00\" \/>\n<meta property=\"og:image\" content=\"https:\/\/jyfel.com\/wp-content\/uploads\/2025\/07\/JYFEL-Team-2027-06.jpg\" \/>\n\t<meta property=\"og:image:width\" content=\"1209\" \/>\n\t<meta property=\"og:image:height\" content=\"907\" \/>\n\t<meta property=\"og:image:type\" content=\"image\/jpeg\" \/>\n<meta name=\"twitter:card\" content=\"summary_large_image\" \/>\n<meta name=\"twitter:site\" content=\"@hiroxeurope\" \/>\n<meta name=\"twitter:label1\" content=\"Dur\u00e9e de lecture estim\u00e9e\" \/>\n\t<meta name=\"twitter:data1\" content=\"3 minutes\" \/>\n<script type=\"application\/ld+json\" class=\"yoast-schema-graph\">{\"@context\":\"https:\\\/\\\/schema.org\",\"@graph\":[{\"@type\":\"WebPage\",\"@id\":\"https:\\\/\\\/jyfel.com\\\/company\\\/\",\"url\":\"https:\\\/\\\/jyfel.com\\\/company\\\/\",\"name\":\"Company - JYFEL Corporation\",\"isPartOf\":{\"@id\":\"https:\\\/\\\/jyfel.com\\\/#website\"},\"primaryImageOfPage\":{\"@id\":\"https:\\\/\\\/jyfel.com\\\/company\\\/#primaryimage\"},\"image\":{\"@id\":\"https:\\\/\\\/jyfel.com\\\/company\\\/#primaryimage\"},\"thumbnailUrl\":\"https:\\\/\\\/jyfel.com\\\/wp-content\\\/uploads\\\/2025\\\/07\\\/JYFEL-Team-2027-06-1024x768.jpg\",\"datePublished\":\"2019-07-10T14:35:10+00:00\",\"dateModified\":\"2025-10-28T09:42:18+00:00\",\"breadcrumb\":{\"@id\":\"https:\\\/\\\/jyfel.com\\\/company\\\/#breadcrumb\"},\"inLanguage\":\"fr-FR\",\"potentialAction\":[{\"@type\":\"ReadAction\",\"target\":[\"https:\\\/\\\/jyfel.com\\\/company\\\/\"]}]},{\"@type\":\"ImageObject\",\"inLanguage\":\"fr-FR\",\"@id\":\"https:\\\/\\\/jyfel.com\\\/company\\\/#primaryimage\",\"url\":\"https:\\\/\\\/jyfel.com\\\/wp-content\\\/uploads\\\/2025\\\/07\\\/JYFEL-Team-2027-06-1024x768.jpg\",\"contentUrl\":\"https:\\\/\\\/jyfel.com\\\/wp-content\\\/uploads\\\/2025\\\/07\\\/JYFEL-Team-2027-06-1024x768.jpg\"},{\"@type\":\"BreadcrumbList\",\"@id\":\"https:\\\/\\\/jyfel.com\\\/company\\\/#breadcrumb\",\"itemListElement\":[{\"@type\":\"ListItem\",\"position\":1,\"name\":\"Home\",\"item\":\"https:\\\/\\\/jyfel.com\\\/\"},{\"@type\":\"ListItem\",\"position\":2,\"name\":\"Company\"}]},{\"@type\":\"WebSite\",\"@id\":\"https:\\\/\\\/jyfel.com\\\/#website\",\"url\":\"https:\\\/\\\/jyfel.com\\\/\",\"name\":\"Hirox Europe\",\"description\":\"Provider of NPS, HIROX, COMCO, Microscope Stands &amp; more\",\"publisher\":{\"@id\":\"https:\\\/\\\/jyfel.com\\\/#organization\"},\"potentialAction\":[{\"@type\":\"SearchAction\",\"target\":{\"@type\":\"EntryPoint\",\"urlTemplate\":\"https:\\\/\\\/jyfel.com\\\/?s={search_term_string}\"},\"query-input\":{\"@type\":\"PropertyValueSpecification\",\"valueRequired\":true,\"valueName\":\"search_term_string\"}}],\"inLanguage\":\"fr-FR\"},{\"@type\":\"Organization\",\"@id\":\"https:\\\/\\\/jyfel.com\\\/#organization\",\"name\":\"Hirox Europe\",\"url\":\"https:\\\/\\\/jyfel.com\\\/\",\"logo\":{\"@type\":\"ImageObject\",\"inLanguage\":\"fr-FR\",\"@id\":\"https:\\\/\\\/jyfel.com\\\/#\\\/schema\\\/logo\\\/image\\\/\",\"url\":\"https:\\\/\\\/install.jyfel.com\\\/wp-content\\\/uploads\\\/2020\\\/05\\\/hirox-europe-logo.png\",\"contentUrl\":\"https:\\\/\\\/install.jyfel.com\\\/wp-content\\\/uploads\\\/2020\\\/05\\\/hirox-europe-logo.png\",\"width\":512,\"height\":410,\"caption\":\"Hirox Europe\"},\"image\":{\"@id\":\"https:\\\/\\\/jyfel.com\\\/#\\\/schema\\\/logo\\\/image\\\/\"},\"sameAs\":[\"https:\\\/\\\/www.facebook.com\\\/hiroxeurope\\\/\",\"https:\\\/\\\/x.com\\\/hiroxeurope\",\"https:\\\/\\\/www.instagram.com\\\/hirox3d\\\/\",\"https:\\\/\\\/www.linkedin.com\\\/company\\\/hirox-europe\",\"https:\\\/\\\/www.youtube.com\\\/user\\\/hiroxEU\"]}]}<\/script>\n<!-- \/ Yoast SEO plugin. -->","yoast_head_json":{"title":"Company - JYFEL Corporation","robots":{"index":"index","follow":"follow","max-snippet":"max-snippet:-1","max-image-preview":"max-image-preview:large","max-video-preview":"max-video-preview:-1"},"canonical":"https:\/\/jyfel.com\/fr\/company\/","og_locale":"fr_FR","og_type":"article","og_title":"Company - JYFEL Corporation","og_description":"Company About us Based near Lyon in France, we opened our doors in 2007 to promote and deliver high-precision equipment for all kinds of applications: industry, electronics, engineering, cultural heritage, aerospace, security printing, textile &amp; many more. Exclusive European distributor of HIROX digital microscope: official repair\/service\/training center Inventor &amp; manufacturer of the NPS Nano Point ... Lire la suite","og_url":"https:\/\/jyfel.com\/fr\/company\/","og_site_name":"JYFEL Corporation","article_publisher":"https:\/\/www.facebook.com\/hiroxeurope\/","article_modified_time":"2025-10-28T09:42:18+00:00","og_image":[{"width":1209,"height":907,"url":"https:\/\/jyfel.com\/wp-content\/uploads\/2025\/07\/JYFEL-Team-2027-06.jpg","type":"image\/jpeg"}],"twitter_card":"summary_large_image","twitter_site":"@hiroxeurope","twitter_misc":{"Dur\u00e9e de lecture estim\u00e9e":"3 minutes"},"schema":{"@context":"https:\/\/schema.org","@graph":[{"@type":"WebPage","@id":"https:\/\/jyfel.com\/company\/","url":"https:\/\/jyfel.com\/company\/","name":"Company - JYFEL Corporation","isPartOf":{"@id":"https:\/\/jyfel.com\/#website"},"primaryImageOfPage":{"@id":"https:\/\/jyfel.com\/company\/#primaryimage"},"image":{"@id":"https:\/\/jyfel.com\/company\/#primaryimage"},"thumbnailUrl":"https:\/\/jyfel.com\/wp-content\/uploads\/2025\/07\/JYFEL-Team-2027-06-1024x768.jpg","datePublished":"2019-07-10T14:35:10+00:00","dateModified":"2025-10-28T09:42:18+00:00","breadcrumb":{"@id":"https:\/\/jyfel.com\/company\/#breadcrumb"},"inLanguage":"fr-FR","potentialAction":[{"@type":"ReadAction","target":["https:\/\/jyfel.com\/company\/"]}]},{"@type":"ImageObject","inLanguage":"fr-FR","@id":"https:\/\/jyfel.com\/company\/#primaryimage","url":"https:\/\/jyfel.com\/wp-content\/uploads\/2025\/07\/JYFEL-Team-2027-06-1024x768.jpg","contentUrl":"https:\/\/jyfel.com\/wp-content\/uploads\/2025\/07\/JYFEL-Team-2027-06-1024x768.jpg"},{"@type":"BreadcrumbList","@id":"https:\/\/jyfel.com\/company\/#breadcrumb","itemListElement":[{"@type":"ListItem","position":1,"name":"Home","item":"https:\/\/jyfel.com\/"},{"@type":"ListItem","position":2,"name":"Company"}]},{"@type":"WebSite","@id":"https:\/\/jyfel.com\/#website","url":"https:\/\/jyfel.com\/","name":"Hirox Europe","description":"Provider of NPS, HIROX, COMCO, Microscope Stands &amp; more","publisher":{"@id":"https:\/\/jyfel.com\/#organization"},"potentialAction":[{"@type":"SearchAction","target":{"@type":"EntryPoint","urlTemplate":"https:\/\/jyfel.com\/?s={search_term_string}"},"query-input":{"@type":"PropertyValueSpecification","valueRequired":true,"valueName":"search_term_string"}}],"inLanguage":"fr-FR"},{"@type":"Organization","@id":"https:\/\/jyfel.com\/#organization","name":"Hirox Europe","url":"https:\/\/jyfel.com\/","logo":{"@type":"ImageObject","inLanguage":"fr-FR","@id":"https:\/\/jyfel.com\/#\/schema\/logo\/image\/","url":"https:\/\/install.jyfel.com\/wp-content\/uploads\/2020\/05\/hirox-europe-logo.png","contentUrl":"https:\/\/install.jyfel.com\/wp-content\/uploads\/2020\/05\/hirox-europe-logo.png","width":512,"height":410,"caption":"Hirox Europe"},"image":{"@id":"https:\/\/jyfel.com\/#\/schema\/logo\/image\/"},"sameAs":["https:\/\/www.facebook.com\/hiroxeurope\/","https:\/\/x.com\/hiroxeurope","https:\/\/www.instagram.com\/hirox3d\/","https:\/\/www.linkedin.com\/company\/hirox-europe","https:\/\/www.youtube.com\/user\/hiroxEU"]}]}},"_links":{"self":[{"href":"https:\/\/jyfel.com\/fr\/wp-json\/wp\/v2\/pages\/17","targetHints":{"allow":["GET"]}}],"collection":[{"href":"https:\/\/jyfel.com\/fr\/wp-json\/wp\/v2\/pages"}],"about":[{"href":"https:\/\/jyfel.com\/fr\/wp-json\/wp\/v2\/types\/page"}],"author":[{"embeddable":true,"href":"https:\/\/jyfel.com\/fr\/wp-json\/wp\/v2\/users\/5"}],"replies":[{"embeddable":true,"href":"https:\/\/jyfel.com\/fr\/wp-json\/wp\/v2\/comments?post=17"}],"version-history":[{"count":134,"href":"https:\/\/jyfel.com\/fr\/wp-json\/wp\/v2\/pages\/17\/revisions"}],"predecessor-version":[{"id":10797,"href":"https:\/\/jyfel.com\/fr\/wp-json\/wp\/v2\/pages\/17\/revisions\/10797"}],"wp:attachment":[{"href":"https:\/\/jyfel.com\/fr\/wp-json\/wp\/v2\/media?parent=17"}],"curies":[{"name":"wp","href":"https:\/\/api.w.org\/{rel}","templated":true}]}}